{"id":673,"date":"2024-08-04T20:38:03","date_gmt":"2024-08-04T18:38:03","guid":{"rendered":"https:\/\/www.restaurator-pohl.de\/?page_id=673"},"modified":"2024-08-04T20:47:27","modified_gmt":"2024-08-04T18:47:27","slug":"uber-uns","status":"publish","type":"page","link":"https:\/\/www.restaurator-pohl.de\/index.php\/uber-uns\/","title":{"rendered":"\u00dcber uns"},"content":{"rendered":"\t\t<div data-elementor-type=\"wp-post\" data-elementor-id=\"673\" class=\"elementor elementor-673\">\n\t\t\t\t\t\t<section class=\"elementor-section elementor-top-section elementor-element elementor-element-1949477 elementor-section-boxed elementor-section-height-default elementor-section-height-default\" data-id=\"1949477\" data-element_type=\"section\" data-e-type=\"section\">\n\t\t\t\t\t\t<div class=\"elementor-container elementor-column-gap-default\">\n\t\t\t\t\t<div class=\"elementor-column elementor-col-50 elementor-top-column elementor-element elementor-element-e04a16f\" data-id=\"e04a16f\" data-element_type=\"column\" data-e-type=\"column\">\n\t\t\t<div class=\"elementor-widget-wrap elementor-element-populated\">\n\t\t\t\t\t\t<div class=\"elementor-element elementor-element-5c79c28 elementor-widget elementor-widget-text-editor\" data-id=\"5c79c28\" data-element_type=\"widget\" data-e-type=\"widget\" data-widget_type=\"text-editor.default\">\n\t\t\t\t<div class=\"elementor-widget-container\">\n\t\t\t\t\t\t\t\t\t<p><strong>&nbsp;<\/strong><\/p>\n<p><strong>Michael Pohl M.A.<br><\/strong><strong>Restaurator f\u00fcr M\u00f6bel und Holzobjekte<\/strong><\/p>\n<table border=\"0\">\n<tbody>\n<tr>\n<td>08.2004 &#8211; 07.2007<\/td>\n<td width=\"80%\">Ausbildung zum Tischler bei Deutsche Werkst\u00e4tten Hellerau, Dresden<\/td>\n<\/tr>\n<tr>\n<td>08.2007 &#8211; 07.2008<\/td>\n<td width=\"80%\">Vorpraktikum bei Gruppe E, Atelier f\u00fcr Restaurierung, Dresden<\/td>\n<\/tr>\n<tr>\n<td>09.2008 &#8211; 08.2011<\/td>\n<td width=\"80%\">Studium der pr\u00e4ventiven Konservierung im Bachelorstudiengang an der HAWK Hildesheim<\/td>\n<\/tr>\n<tr>\n<td>08.2010 &#8211; 01.2011<\/td>\n<td width=\"80%\">Praktikum bei Yannick Chastang Ltd. Faversham, United Kingdom<\/td>\n<\/tr>\n<tr>\n<td>09.2011 &#8211; 07.2013<\/td>\n<td width=\"80%\">Studium der Konservierung und Restaurierung von M\u00f6beln und Holzobjekten im Masterstudiengang der HAWK Hildesheim<\/td>\n<\/tr>\n<tr>\n<td colspan=\"2\">Seit Oktober 2013 als freiberuflicher Restaurator t\u00e4tig<\/td>\n<\/tr>\n<\/tbody>\n<\/table>\t\t\t\t\t\t\t\t<\/div>\n\t\t\t\t<\/div>\n\t\t\t\t\t<\/div>\n\t\t<\/div>\n\t\t\t\t<div class=\"elementor-column elementor-col-50 elementor-top-column elementor-element elementor-element-34157b2\" data-id=\"34157b2\" data-element_type=\"column\" data-e-type=\"column\">\n\t\t\t<div class=\"elementor-widget-wrap elementor-element-populated\">\n\t\t\t\t\t\t<div class=\"elementor-element elementor-element-1b0706c elementor-widget elementor-widget-text-editor\" data-id=\"1b0706c\" data-element_type=\"widget\" data-e-type=\"widget\" data-widget_type=\"text-editor.default\">\n\t\t\t\t<div class=\"elementor-widget-container\">\n\t\t\t\t\t\t\t\t\t<p><strong>\u00a0<\/strong><\/p><p><strong>Markus Pohl M.A.<\/strong><br \/><strong>Restaurator f\u00fcr Wand und Architekturfassung<\/strong><\/p>\t\t\t\t\t\t\t\t<\/div>\n\t\t\t\t<\/div>\n\t\t\t\t\t<\/div>\n\t\t<\/div>\n\t\t\t\t\t<\/div>\n\t\t<\/section>\n\t\t\t\t<\/div>\n\t\t","protected":false},"excerpt":{"rendered":"<p>&nbsp; Michael Pohl M.A.Restaurator f\u00fcr M\u00f6bel und Holzobjekte 08.2004 &#8211; 07.2007 Ausbildung zum Tischler bei Deutsche Werkst\u00e4tten Hellerau, Dresden 08.2007 &#8211; 07.2008 Vorpraktikum bei Gruppe E, Atelier f\u00fcr Restaurierung, Dresden 09.2008 &#8211; 08.2011 Studium der pr\u00e4ventiven Konservierung im Bachelorstudiengang an der HAWK Hildesheim 08.2010 &#8211; 01.2011 Praktikum bei Yannick Chastang Ltd. Faversham, United Kingdom 09.2011 [&hellip;]<\/p>\n","protected":false},"author":1,"featured_media":0,"parent":0,"menu_order":0,"comment_status":"closed","ping_status":"closed","template":"page-templates\/pagebuilder.php","meta":{"zakra_page_container_layout":"stretched","zakra_page_sidebar_layout":"no_sidebar","zakra_remove_content_margin":false,"zakra_sidebar":"customizer","zakra_transparent_header":"0","zakra_logo":0,"zakra_main_header_style":"default","zakra_menu_item_color":"","zakra_menu_item_hover_color":"","zakra_menu_item_active_color":"","zakra_menu_active_style":"","zakra_page_header":true,"footnotes":""},"class_list":["post-673","page","type-page","status-publish","hentry"],"yoast_head":"<!-- This site is optimized with the Yoast SEO plugin v26.5 - https:\/\/yoast.com\/wordpress\/plugins\/seo\/ -->\n<title>\u00dcber uns - Restauratoren Pohl<\/title>\n<meta name=\"description\" content=\"Restaurierung von M\u00f6beln und Holzobjekten, Wandmalerei und Architekturfassung\" \/>\n<meta name=\"robots\" content=\"index, follow, max-snippet:-1, max-image-preview:large, max-video-preview:-1\" \/>\n<link rel=\"canonical\" href=\"https:\/\/www.restaurator-pohl.de\/index.php\/uber-uns\/\" \/>\n<meta property=\"og:locale\" content=\"de_DE\" \/>\n<meta property=\"og:type\" content=\"article\" \/>\n<meta property=\"og:title\" content=\"\u00dcber uns - Restauratoren Pohl\" \/>\n<meta property=\"og:description\" content=\"Restaurierung von M\u00f6beln und Holzobjekten, Wandmalerei und Architekturfassung\" \/>\n<meta property=\"og:url\" content=\"https:\/\/www.restaurator-pohl.de\/index.php\/uber-uns\/\" \/>\n<meta property=\"og:site_name\" content=\"Restauratoren Pohl\" \/>\n<meta property=\"article:modified_time\" content=\"2024-08-04T18:47:27+00:00\" \/>\n<meta name=\"twitter:card\" content=\"summary_large_image\" \/>\n<meta name=\"twitter:label1\" content=\"Gesch\u00e4tzte Lesezeit\" \/>\n\t<meta name=\"twitter:data1\" content=\"1\u00a0Minute\" \/>\n<script type=\"application\/ld+json\" class=\"yoast-schema-graph\">{\"@context\":\"https:\/\/schema.org\",\"@graph\":[{\"@type\":\"WebPage\",\"@id\":\"https:\/\/www.restaurator-pohl.de\/index.php\/uber-uns\/\",\"url\":\"https:\/\/www.restaurator-pohl.de\/index.php\/uber-uns\/\",\"name\":\"\u00dcber uns - Restauratoren Pohl\",\"isPartOf\":{\"@id\":\"https:\/\/www.restaurator-pohl.de\/#website\"},\"datePublished\":\"2024-08-04T18:38:03+00:00\",\"dateModified\":\"2024-08-04T18:47:27+00:00\",\"description\":\"Restaurierung von M\u00f6beln und Holzobjekten, Wandmalerei und Architekturfassung\",\"breadcrumb\":{\"@id\":\"https:\/\/www.restaurator-pohl.de\/index.php\/uber-uns\/#breadcrumb\"},\"inLanguage\":\"de\",\"potentialAction\":[{\"@type\":\"ReadAction\",\"target\":[\"https:\/\/www.restaurator-pohl.de\/index.php\/uber-uns\/\"]}]},{\"@type\":\"BreadcrumbList\",\"@id\":\"https:\/\/www.restaurator-pohl.de\/index.php\/uber-uns\/#breadcrumb\",\"itemListElement\":[{\"@type\":\"ListItem\",\"position\":1,\"name\":\"Startseite\",\"item\":\"https:\/\/www.restaurator-pohl.de\/\"},{\"@type\":\"ListItem\",\"position\":2,\"name\":\"\u00dcber uns\"}]},{\"@type\":\"WebSite\",\"@id\":\"https:\/\/www.restaurator-pohl.de\/#website\",\"url\":\"https:\/\/www.restaurator-pohl.de\/\",\"name\":\"Restauratoren Pohl\",\"description\":\"Restauratoren f\u00fcr M\u00f6bel und Holzobjekte, Wandmalerei und Architekturfassung\",\"publisher\":{\"@id\":\"https:\/\/www.restaurator-pohl.de\/#organization\"},\"potentialAction\":[{\"@type\":\"SearchAction\",\"target\":{\"@type\":\"EntryPoint\",\"urlTemplate\":\"https:\/\/www.restaurator-pohl.de\/?s={search_term_string}\"},\"query-input\":{\"@type\":\"PropertyValueSpecification\",\"valueRequired\":true,\"valueName\":\"search_term_string\"}}],\"inLanguage\":\"de\"},{\"@type\":\"Organization\",\"@id\":\"https:\/\/www.restaurator-pohl.de\/#organization\",\"name\":\"Restauratoren Pohl\",\"url\":\"https:\/\/www.restaurator-pohl.de\/\",\"logo\":{\"@type\":\"ImageObject\",\"inLanguage\":\"de\",\"@id\":\"https:\/\/www.restaurator-pohl.de\/#\/schema\/logo\/image\/\",\"url\":\"https:\/\/www.restaurator-pohl.de\/wp-content\/uploads\/2024\/08\/favicon-jpg.avif\",\"contentUrl\":\"https:\/\/www.restaurator-pohl.de\/wp-content\/uploads\/2024\/08\/favicon-jpg.avif\",\"width\":64,\"height\":64,\"caption\":\"Restauratoren Pohl\"},\"image\":{\"@id\":\"https:\/\/www.restaurator-pohl.de\/#\/schema\/logo\/image\/\"}}]}<\/script>\n<!-- \/ Yoast SEO plugin. -->","yoast_head_json":{"title":"\u00dcber uns - Restauratoren Pohl","description":"Restaurierung von M\u00f6beln und Holzobjekten, Wandmalerei und Architekturfassung","robots":{"index":"index","follow":"follow","max-snippet":"max-snippet:-1","max-image-preview":"max-image-preview:large","max-video-preview":"max-video-preview:-1"},"canonical":"https:\/\/www.restaurator-pohl.de\/index.php\/uber-uns\/","og_locale":"de_DE","og_type":"article","og_title":"\u00dcber uns - Restauratoren Pohl","og_description":"Restaurierung von M\u00f6beln und Holzobjekten, Wandmalerei und Architekturfassung","og_url":"https:\/\/www.restaurator-pohl.de\/index.php\/uber-uns\/","og_site_name":"Restauratoren Pohl","article_modified_time":"2024-08-04T18:47:27+00:00","twitter_card":"summary_large_image","twitter_misc":{"Gesch\u00e4tzte Lesezeit":"1\u00a0Minute"},"schema":{"@context":"https:\/\/schema.org","@graph":[{"@type":"WebPage","@id":"https:\/\/www.restaurator-pohl.de\/index.php\/uber-uns\/","url":"https:\/\/www.restaurator-pohl.de\/index.php\/uber-uns\/","name":"\u00dcber uns - Restauratoren Pohl","isPartOf":{"@id":"https:\/\/www.restaurator-pohl.de\/#website"},"datePublished":"2024-08-04T18:38:03+00:00","dateModified":"2024-08-04T18:47:27+00:00","description":"Restaurierung von M\u00f6beln und Holzobjekten, Wandmalerei und Architekturfassung","breadcrumb":{"@id":"https:\/\/www.restaurator-pohl.de\/index.php\/uber-uns\/#breadcrumb"},"inLanguage":"de","potentialAction":[{"@type":"ReadAction","target":["https:\/\/www.restaurator-pohl.de\/index.php\/uber-uns\/"]}]},{"@type":"BreadcrumbList","@id":"https:\/\/www.restaurator-pohl.de\/index.php\/uber-uns\/#breadcrumb","itemListElement":[{"@type":"ListItem","position":1,"name":"Startseite","item":"https:\/\/www.restaurator-pohl.de\/"},{"@type":"ListItem","position":2,"name":"\u00dcber uns"}]},{"@type":"WebSite","@id":"https:\/\/www.restaurator-pohl.de\/#website","url":"https:\/\/www.restaurator-pohl.de\/","name":"Restauratoren Pohl","description":"Restauratoren f\u00fcr M\u00f6bel und Holzobjekte, Wandmalerei und Architekturfassung","publisher":{"@id":"https:\/\/www.restaurator-pohl.de\/#organization"},"potentialAction":[{"@type":"SearchAction","target":{"@type":"EntryPoint","urlTemplate":"https:\/\/www.restaurator-pohl.de\/?s={search_term_string}"},"query-input":{"@type":"PropertyValueSpecification","valueRequired":true,"valueName":"search_term_string"}}],"inLanguage":"de"},{"@type":"Organization","@id":"https:\/\/www.restaurator-pohl.de\/#organization","name":"Restauratoren Pohl","url":"https:\/\/www.restaurator-pohl.de\/","logo":{"@type":"ImageObject","inLanguage":"de","@id":"https:\/\/www.restaurator-pohl.de\/#\/schema\/logo\/image\/","url":"https:\/\/www.restaurator-pohl.de\/wp-content\/uploads\/2024\/08\/favicon-jpg.avif","contentUrl":"https:\/\/www.restaurator-pohl.de\/wp-content\/uploads\/2024\/08\/favicon-jpg.avif","width":64,"height":64,"caption":"Restauratoren Pohl"},"image":{"@id":"https:\/\/www.restaurator-pohl.de\/#\/schema\/logo\/image\/"}}]}},"_links":{"self":[{"href":"https:\/\/www.restaurator-pohl.de\/index.php\/wp-json\/wp\/v2\/pages\/673","targetHints":{"allow":["GET"]}}],"collection":[{"href":"https:\/\/www.restaurator-pohl.de\/index.php\/wp-json\/wp\/v2\/pages"}],"about":[{"href":"https:\/\/www.restaurator-pohl.de\/index.php\/wp-json\/wp\/v2\/types\/page"}],"author":[{"embeddable":true,"href":"https:\/\/www.restaurator-pohl.de\/index.php\/wp-json\/wp\/v2\/users\/1"}],"replies":[{"embeddable":true,"href":"https:\/\/www.restaurator-pohl.de\/index.php\/wp-json\/wp\/v2\/comments?post=673"}],"version-history":[{"count":20,"href":"https:\/\/www.restaurator-pohl.de\/index.php\/wp-json\/wp\/v2\/pages\/673\/revisions"}],"predecessor-version":[{"id":696,"href":"https:\/\/www.restaurator-pohl.de\/index.php\/wp-json\/wp\/v2\/pages\/673\/revisions\/696"}],"wp:attachment":[{"href":"https:\/\/www.restaurator-pohl.de\/index.php\/wp-json\/wp\/v2\/media?parent=673"}],"curies":[{"name":"wp","href":"https:\/\/api.w.org\/{rel}","templated":true}]}}